{"id":2804,"date":"2023-06-15T11:53:38","date_gmt":"2023-06-15T11:53:38","guid":{"rendered":"https:\/\/sueco.net\/?page_id=2804"},"modified":"2023-06-15T12:21:45","modified_gmt":"2023-06-15T12:21:45","slug":"eventos-mobile","status":"publish","type":"page","link":"https:\/\/sueco.net\/?page_id=2804","title":{"rendered":"Eventos mobile"},"content":{"rendered":"<p>\u00a1TODO EN UN SOLO LUGAR!<\/p>\n<p>Su car\u00e1cter modular y flexibilidad nos permite garantizar la perfecta adaptaci\u00f3n a las necesidades espec\u00edficas requeridas por cada evento.<\/p>\n<p>GESTI\u00d3N DE PROYECTOS<\/p>\n<p>Llego otro momento de impacto positivo para la instituci\u00f3n o empresa: Con Sueco Eventos podr\u00e1 maximizar el rendimiento de los recursos f\u00edsicos y humanos, en todo el ciclo de vida de los proyectos.<\/p>\n<style>\/*! elementor - v3.13.3 - 28-05-2023 *\/\n.elementor-widget-image{text-align:center}.elementor-widget-image a{display:inline-block}.elementor-widget-image a img[src$=\".svg\"]{width:48px}.elementor-widget-image img{vertical-align:middle;display:inline-block}<\/style>\n<p>\t\t\t\t\t\t\t\t\t\t\t\t<img decoding=\"async\" width=\"781\" height=\"781\" src=\"https:\/\/sueco.net\/wp-content\/uploads\/2023\/06\/Diseno-sin-titulo-73.png\" alt=\"\" loading=\"lazy\" srcset=\"https:\/\/sueco.net\/wp-content\/uploads\/2023\/06\/Diseno-sin-titulo-73.png 781w, https:\/\/sueco.net\/wp-content\/uploads\/2023\/06\/Diseno-sin-titulo-73-300x300.png 300w, https:\/\/sueco.net\/wp-content\/uploads\/2023\/06\/Diseno-sin-titulo-73-150x150.png 150w, https:\/\/sueco.net\/wp-content\/uploads\/2023\/06\/Diseno-sin-titulo-73-768x768.png 768w\" sizes=\"(max-width: 781px) 100vw, 781px\" \/>\t\t\t\t\t\t\t\t\t\t\t\t\t\t\t<\/p>\n<style>\/*! elementor - v3.13.3 - 28-05-2023 *\/\n.elementor-heading-title{padding:0;margin:0;line-height:1}.elementor-widget-heading .elementor-heading-title[class*=elementor-size-]>a{color:inherit;font-size:inherit;line-height:inherit}.elementor-widget-heading .elementor-heading-title.elementor-size-small{font-size:15px}.elementor-widget-heading .elementor-heading-title.elementor-size-medium{font-size:19px}.elementor-widget-heading .elementor-heading-title.elementor-size-large{font-size:29px}.elementor-widget-heading .elementor-heading-title.elementor-size-xl{font-size:39px}.elementor-widget-heading .elementor-heading-title.elementor-size-xxl{font-size:59px}<\/style>\n<h2>Opciones de Eventos<\/h2>\n<h2>Organiza tus Eventos F\u00e1cil y R\u00e1pido<\/h2>\n<p>\t\t\t\t\t\t\t\t\t\t\t\t\t\t\t<img decoding=\"async\" width=\"1080\" height=\"1080\" src=\"https:\/\/sueco.net\/wp-content\/uploads\/2023\/04\/2.jpg\" alt=\"\" loading=\"lazy\" srcset=\"https:\/\/sueco.net\/wp-content\/uploads\/2023\/04\/2.jpg 1080w, https:\/\/sueco.net\/wp-content\/uploads\/2023\/04\/2-300x300.jpg 300w, https:\/\/sueco.net\/wp-content\/uploads\/2023\/04\/2-1024x1024.jpg 1024w, https:\/\/sueco.net\/wp-content\/uploads\/2023\/04\/2-150x150.jpg 150w, https:\/\/sueco.net\/wp-content\/uploads\/2023\/04\/2-768x768.jpg 768w\" sizes=\"(max-width: 1080px) 100vw, 1080px\" \/><br \/>\n\t\t\t\t\t\t\t\t\t\t\t\t\t\t\t<img decoding=\"async\" width=\"1024\" height=\"1024\" src=\"https:\/\/sueco.net\/wp-content\/uploads\/2023\/04\/3-1024x1024.jpg\" alt=\"\" loading=\"lazy\" srcset=\"https:\/\/sueco.net\/wp-content\/uploads\/2023\/04\/3-1024x1024.jpg 1024w, https:\/\/sueco.net\/wp-content\/uploads\/2023\/04\/3-300x300.jpg 300w, https:\/\/sueco.net\/wp-content\/uploads\/2023\/04\/3-150x150.jpg 150w, https:\/\/sueco.net\/wp-content\/uploads\/2023\/04\/3-768x768.jpg 768w, https:\/\/sueco.net\/wp-content\/uploads\/2023\/04\/3.jpg 1080w\" sizes=\"(max-width: 1024px) 100vw, 1024px\" \/><br \/>\n\t\t\t\t\t\t\t\t\t\t\t\t\t\t\t<img decoding=\"async\" width=\"1024\" height=\"1024\" src=\"https:\/\/sueco.net\/wp-content\/uploads\/2023\/04\/4-1024x1024.jpg\" alt=\"\" loading=\"lazy\" srcset=\"https:\/\/sueco.net\/wp-content\/uploads\/2023\/04\/4-1024x1024.jpg 1024w, https:\/\/sueco.net\/wp-content\/uploads\/2023\/04\/4-300x300.jpg 300w, https:\/\/sueco.net\/wp-content\/uploads\/2023\/04\/4-150x150.jpg 150w, https:\/\/sueco.net\/wp-content\/uploads\/2023\/04\/4-768x768.jpg 768w, https:\/\/sueco.net\/wp-content\/uploads\/2023\/04\/4.jpg 1080w\" sizes=\"(max-width: 1024px) 100vw, 1024px\" \/><br \/>\n\t\t\t\t\t\t\t\t\t\t\t\t\t\t\t<img decoding=\"async\" width=\"1024\" height=\"1024\" src=\"https:\/\/sueco.net\/wp-content\/uploads\/2023\/04\/5-1024x1024.jpg\" alt=\"\" loading=\"lazy\" srcset=\"https:\/\/sueco.net\/wp-content\/uploads\/2023\/04\/5-1024x1024.jpg 1024w, https:\/\/sueco.net\/wp-content\/uploads\/2023\/04\/5-300x300.jpg 300w, https:\/\/sueco.net\/wp-content\/uploads\/2023\/04\/5-150x150.jpg 150w, https:\/\/sueco.net\/wp-content\/uploads\/2023\/04\/5-768x768.jpg 768w, https:\/\/sueco.net\/wp-content\/uploads\/2023\/04\/5.jpg 1080w\" sizes=\"(max-width: 1024px) 100vw, 1024px\" \/><br \/>\n\t\t\t\t\t\t\t\t\t\t\t\t\t\t\t<img decoding=\"async\" width=\"1024\" height=\"1024\" src=\"https:\/\/sueco.net\/wp-content\/uploads\/2023\/04\/6-1024x1024.jpg\" alt=\"\" loading=\"lazy\" srcset=\"https:\/\/sueco.net\/wp-content\/uploads\/2023\/04\/6-1024x1024.jpg 1024w, https:\/\/sueco.net\/wp-content\/uploads\/2023\/04\/6-300x300.jpg 300w, https:\/\/sueco.net\/wp-content\/uploads\/2023\/04\/6-150x150.jpg 150w, https:\/\/sueco.net\/wp-content\/uploads\/2023\/04\/6-768x768.jpg 768w, https:\/\/sueco.net\/wp-content\/uploads\/2023\/04\/6.jpg 1080w\" sizes=\"(max-width: 1024px) 100vw, 1024px\" \/><br \/>\n\t\t\t\t\t\t\t\t\t\t\t\t\t\t\t<img decoding=\"async\" width=\"1024\" height=\"1024\" src=\"https:\/\/sueco.net\/wp-content\/uploads\/2023\/04\/7-1024x1024.jpg\" alt=\"\" loading=\"lazy\" srcset=\"https:\/\/sueco.net\/wp-content\/uploads\/2023\/04\/7-1024x1024.jpg 1024w, https:\/\/sueco.net\/wp-content\/uploads\/2023\/04\/7-300x300.jpg 300w, https:\/\/sueco.net\/wp-content\/uploads\/2023\/04\/7-150x150.jpg 150w, https:\/\/sueco.net\/wp-content\/uploads\/2023\/04\/7-768x768.jpg 768w, https:\/\/sueco.net\/wp-content\/uploads\/2023\/04\/7.jpg 1080w\" sizes=\"(max-width: 1024px) 100vw, 1024px\" \/><br \/>\n\t\t\t\t\t\t\t\t\t\t\t\t\t\t\t<img decoding=\"async\" width=\"1024\" height=\"1024\" src=\"https:\/\/sueco.net\/wp-content\/uploads\/2023\/04\/GENERAL-1-1024x1024.jpg\" alt=\"\" loading=\"lazy\" srcset=\"https:\/\/sueco.net\/wp-content\/uploads\/2023\/04\/GENERAL-1-1024x1024.jpg 1024w, https:\/\/sueco.net\/wp-content\/uploads\/2023\/04\/GENERAL-1-300x300.jpg 300w, https:\/\/sueco.net\/wp-content\/uploads\/2023\/04\/GENERAL-1-150x150.jpg 150w, https:\/\/sueco.net\/wp-content\/uploads\/2023\/04\/GENERAL-1-768x768.jpg 768w, https:\/\/sueco.net\/wp-content\/uploads\/2023\/04\/GENERAL-1.jpg 1080w\" sizes=\"(max-width: 1024px) 100vw, 1024px\" \/><br \/>\n\t\t\t\t\t\t\t\t\t\t\t\t\t\t\t<img decoding=\"async\" width=\"1024\" height=\"1024\" src=\"https:\/\/sueco.net\/wp-content\/uploads\/2023\/04\/GENERAL-2-1024x1024.jpg\" alt=\"\" loading=\"lazy\" srcset=\"https:\/\/sueco.net\/wp-content\/uploads\/2023\/04\/GENERAL-2-1024x1024.jpg 1024w, https:\/\/sueco.net\/wp-content\/uploads\/2023\/04\/GENERAL-2-300x300.jpg 300w, https:\/\/sueco.net\/wp-content\/uploads\/2023\/04\/GENERAL-2-150x150.jpg 150w, https:\/\/sueco.net\/wp-content\/uploads\/2023\/04\/GENERAL-2-768x768.jpg 768w, https:\/\/sueco.net\/wp-content\/uploads\/2023\/04\/GENERAL-2.jpg 1080w\" sizes=\"(max-width: 1024px) 100vw, 1024px\" \/><\/p>\n","protected":false},"excerpt":{"rendered":"<p>\u00a1TODO EN UN SOLO LUGAR! Su car\u00e1cter modular y flexibilidad nos permite garantizar la perfecta adaptaci\u00f3n a las necesidades espec\u00edficas requeridas por cada evento. GESTI\u00d3N DE PROYECTOS Llego otro momento de impacto positivo para la instituci\u00f3n o empresa: Con Sueco Eventos podr\u00e1 maximizar el rendimiento de los recursos f\u00edsicos y humanos, en todo el ciclo [&hellip;]<\/p>\n","protected":false},"author":1,"featured_media":0,"parent":0,"menu_order":0,"comment_status":"closed","ping_status":"closed","template":"","meta":{"_uag_custom_page_level_css":"","site-sidebar-layout":"no-sidebar","site-content-layout":"page-builder","ast-site-content-layout":"default","site-content-style":"default","site-sidebar-style":"default","ast-global-header-display":"","ast-banner-title-visibility":"","ast-main-header-display":"","ast-hfb-above-header-display":"","ast-hfb-below-header-display":"","ast-hfb-mobile-header-display":"","site-post-title":"disabled","ast-breadcrumbs-content":"","ast-featured-img":"disabled","footer-sml-layout":"","ast-disable-related-posts":"","theme-transparent-header-meta":"","adv-header-id-meta":"","stick-header-meta":"","header-above-stick-meta":"","header-main-stick-meta":"","header-below-stick-meta":"","astra-migrate-meta-layouts":"default","ast-page-background-enabled":"default","ast-page-background-meta":{"desktop":{"background-color":"var(--ast-global-color-4)","background-image":"","background-repeat":"repeat","background-position":"center center","background-size":"auto","background-attachment":"scroll","background-type":"","background-media":"","overlay-type":"","overlay-color":"","overlay-opacity":"","overlay-gradient":""},"tablet":{"background-color":"","background-image":"","background-repeat":"repeat","background-position":"center center","background-size":"auto","background-attachment":"scroll","background-type":"","background-media":"","overlay-type":"","overlay-color":"","overlay-opacity":"","overlay-gradient":""},"mobile":{"background-color":"","background-image":"","background-repeat":"repeat","background-position":"center center","background-size":"auto","background-attachment":"scroll","background-type":"","background-media":"","overlay-type":"","overlay-color":"","overlay-opacity":"","overlay-gradient":""}},"ast-content-background-meta":{"desktop":{"background-color":"var(--ast-global-color-5)","background-image":"","background-repeat":"repeat","background-position":"center center","background-size":"auto","background-attachment":"scroll","background-type":"","background-media":"","overlay-type":"","overlay-color":"","overlay-opacity":"","overlay-gradient":""},"tablet":{"background-color":"var(--ast-global-color-5)","background-image":"","background-repeat":"repeat","background-position":"center center","background-size":"auto","background-attachment":"scroll","background-type":"","background-media":"","overlay-type":"","overlay-color":"","overlay-opacity":"","overlay-gradient":""},"mobile":{"background-color":"var(--ast-global-color-5)","background-image":"","background-repeat":"repeat","background-position":"center center","background-size":"auto","background-attachment":"scroll","background-type":"","background-media":"","overlay-type":"","overlay-color":"","overlay-opacity":"","overlay-gradient":""}}},"uagb_featured_image_src":{"full":false,"thumbnail":false,"medium":false,"medium_large":false,"large":false,"1536x1536":false,"2048x2048":false},"uagb_author_info":{"display_name":"NIpSro86P6","author_link":"https:\/\/sueco.net\/?author=1"},"uagb_comment_info":0,"uagb_excerpt":"\u00a1TODO EN UN SOLO LUGAR! Su car\u00e1cter modular y flexibilidad nos permite garantizar la perfecta adaptaci\u00f3n a las necesidades espec\u00edficas requeridas por cada evento. GESTI\u00d3N DE PROYECTOS Llego otro momento de impacto positivo para la instituci\u00f3n o empresa: Con Sueco Eventos podr\u00e1 maximizar el rendimiento de los recursos f\u00edsicos y humanos, en todo el ciclo&hellip;","_links":{"self":[{"href":"https:\/\/sueco.net\/index.php?rest_route=\/wp\/v2\/pages\/2804"}],"collection":[{"href":"https:\/\/sueco.net\/index.php?rest_route=\/wp\/v2\/pages"}],"about":[{"href":"https:\/\/sueco.net\/index.php?rest_route=\/wp\/v2\/types\/page"}],"author":[{"embeddable":true,"href":"https:\/\/sueco.net\/index.php?rest_route=\/wp\/v2\/users\/1"}],"replies":[{"embeddable":true,"href":"https:\/\/sueco.net\/index.php?rest_route=%2Fwp%2Fv2%2Fcomments&post=2804"}],"version-history":[{"count":37,"href":"https:\/\/sueco.net\/index.php?rest_route=\/wp\/v2\/pages\/2804\/revisions"}],"predecessor-version":[{"id":2843,"href":"https:\/\/sueco.net\/index.php?rest_route=\/wp\/v2\/pages\/2804\/revisions\/2843"}],"wp:attachment":[{"href":"https:\/\/sueco.net\/index.php?rest_route=%2Fwp%2Fv2%2Fmedia&parent=2804"}],"curies":[{"name":"wp","href":"https:\/\/api.w.org\/{rel}","templated":true}]}}